{"id":469,"date":"2024-01-11T07:00:32","date_gmt":"2024-01-11T07:00:32","guid":{"rendered":"https:\/\/tedxyouthfunchal.com\/?page_id=469"},"modified":"2024-01-11T07:02:00","modified_gmt":"2024-01-11T07:02:00","slug":"nelio-jose-teles","status":"publish","type":"page","link":"https:\/\/tedxyouthfunchal.com\/?page_id=469","title":{"rendered":"N\u00e9lio Jos\u00e9 Teles"},"content":{"rendered":"\n<div class=\"wp-block-group is-content-justification-center is-nowrap is-layout-flex wp-container-core-group-is-layout-23441af8 wp-block-group-is-layout-flex\">\n<figure class=\"wp-block-image size-full is-resized has-custom-border\"><img fetchpriority=\"high\" decoding=\"async\" width=\"1080\" height=\"1080\" src=\"https:\/\/tedxyouthfunchal.com\/wp-content\/uploads\/2024\/01\/nelio-teles.jpg\" alt=\"\" class=\"wp-image-470\" style=\"border-radius:35px;width:2200px\" srcset=\"https:\/\/tedxyouthfunchal.com\/wp-content\/uploads\/2024\/01\/nelio-teles.jpg 1080w, https:\/\/tedxyouthfunchal.com\/wp-content\/uploads\/2024\/01\/nelio-teles-300x300.jpg 300w, https:\/\/tedxyouthfunchal.com\/wp-content\/uploads\/2024\/01\/nelio-teles-1024x1024.jpg 1024w, https:\/\/tedxyouthfunchal.com\/wp-content\/uploads\/2024\/01\/nelio-teles-150x150.jpg 150w, https:\/\/tedxyouthfunchal.com\/wp-content\/uploads\/2024\/01\/nelio-teles-768x768.jpg 768w, https:\/\/tedxyouthfunchal.com\/wp-content\/uploads\/2024\/01\/nelio-teles-600x600.jpg 600w, https:\/\/tedxyouthfunchal.com\/wp-content\/uploads\/2024\/01\/nelio-teles-100x100.jpg 100w\" sizes=\"(max-width: 1080px) 100vw, 1080px\" \/><\/figure>\n\n\n\n<div class=\"wp-block-group is-vertical is-content-justification-center is-layout-flex wp-container-core-group-is-layout-b6c1f246 wp-block-group-is-layout-flex\">\n<p class=\"has-allison-font-family has-huge-font-size\">N\u00e9lio Telas &#8211; Orador 2023<\/p>\n\n\n\n<p class=\"has-medium-font-size\">N\u00e9lio Jos\u00e9 Teles nasceu na cidade do Funchal a 13 de abril de 1981. \u00c9 treinador de andebol desde os seus 16 anos e conta com um curr\u00edculo preenchido de v\u00e1rios t\u00edtulos. J\u00e1 passou por diversas experi\u00eancias profissionais desde a coordena\u00e7\u00e3o de um clube, coordena\u00e7\u00e3o de um servi\u00e7o social da Funda\u00e7\u00e3o Real Madrid, em parceria com a Funda\u00e7\u00e3o Salesianos. A experi\u00eancia de ter trabalhado no servi\u00e7o social vem ao encontro do que desenvolve h\u00e1 25 anos: tirar 12 dias das suas f\u00e9rias para fazer voluntariado, algo que o levou at\u00e9 Cabo Verde.<\/p>\n<\/div>\n<\/div>\n","protected":false},"excerpt":{"rendered":"<p> [&hellip;]<\/p>\n","protected":false},"author":1,"featured_media":0,"parent":0,"menu_order":0,"comment_status":"closed","ping_status":"closed","template":"","meta":{"footnotes":""},"class_list":["post-469","page","type-page","status-publish","hentry"],"jetpack_sharing_enabled":true,"_links":{"self":[{"href":"https:\/\/tedxyouthfunchal.com\/index.php?rest_route=\/wp\/v2\/pages\/469","targetHints":{"allow":["GET"]}}],"collection":[{"href":"https:\/\/tedxyouthfunchal.com\/index.php?rest_route=\/wp\/v2\/pages"}],"about":[{"href":"https:\/\/tedxyouthfunchal.com\/index.php?rest_route=\/wp\/v2\/types\/page"}],"author":[{"embeddable":true,"href":"https:\/\/tedxyouthfunchal.com\/index.php?rest_route=\/wp\/v2\/users\/1"}],"replies":[{"embeddable":true,"href":"https:\/\/tedxyouthfunchal.com\/index.php?rest_route=%2Fwp%2Fv2%2Fcomments&post=469"}],"version-history":[{"count":3,"href":"https:\/\/tedxyouthfunchal.com\/index.php?rest_route=\/wp\/v2\/pages\/469\/revisions"}],"predecessor-version":[{"id":473,"href":"https:\/\/tedxyouthfunchal.com\/index.php?rest_route=\/wp\/v2\/pages\/469\/revisions\/473"}],"wp:attachment":[{"href":"https:\/\/tedxyouthfunchal.com\/index.php?rest_route=%2Fwp%2Fv2%2Fmedia&parent=469"}],"curies":[{"name":"wp","href":"https:\/\/api.w.org\/{rel}","templated":true}]}}