{"id":474,"date":"2024-01-11T07:11:28","date_gmt":"2024-01-11T07:11:28","guid":{"rendered":"https:\/\/tedxyouthfunchal.com\/?page_id=474"},"modified":"2024-01-11T07:11:30","modified_gmt":"2024-01-11T07:11:30","slug":"miguel-campos","status":"publish","type":"page","link":"https:\/\/tedxyouthfunchal.com\/?page_id=474","title":{"rendered":"Miguel Campos"},"content":{"rendered":"\n<div class=\"wp-block-group is-content-justification-center is-nowrap is-layout-flex wp-container-core-group-is-layout-23441af8 wp-block-group-is-layout-flex\">\n<figure class=\"wp-block-image size-full is-resized has-custom-border\"><img fetchpriority=\"high\" decoding=\"async\" width=\"1080\" height=\"1080\" src=\"https:\/\/tedxyouthfunchal.com\/wp-content\/uploads\/2024\/01\/miguel-campos.jpg\" alt=\"\" class=\"wp-image-475\" style=\"border-radius:35px;width:1000px\" srcset=\"https:\/\/tedxyouthfunchal.com\/wp-content\/uploads\/2024\/01\/miguel-campos.jpg 1080w, https:\/\/tedxyouthfunchal.com\/wp-content\/uploads\/2024\/01\/miguel-campos-300x300.jpg 300w, https:\/\/tedxyouthfunchal.com\/wp-content\/uploads\/2024\/01\/miguel-campos-1024x1024.jpg 1024w, https:\/\/tedxyouthfunchal.com\/wp-content\/uploads\/2024\/01\/miguel-campos-150x150.jpg 150w, https:\/\/tedxyouthfunchal.com\/wp-content\/uploads\/2024\/01\/miguel-campos-768x768.jpg 768w, https:\/\/tedxyouthfunchal.com\/wp-content\/uploads\/2024\/01\/miguel-campos-600x600.jpg 600w, https:\/\/tedxyouthfunchal.com\/wp-content\/uploads\/2024\/01\/miguel-campos-100x100.jpg 100w\" sizes=\"(max-width: 1080px) 100vw, 1080px\" \/><\/figure>\n\n\n\n<div class=\"wp-block-group is-vertical is-content-justification-center is-layout-flex wp-container-core-group-is-layout-b6c1f246 wp-block-group-is-layout-flex\">\n<p class=\"has-allison-font-family has-huge-font-size\">Miguel Campos &#8211; Orador 2023<\/p>\n\n\n\n<p class=\"has-normal-font-size\">Aos 39 anos, Miguel Campos lidera a empresa tecnol\u00f3gica madeirense WOWSystems, desenvolvendo projetos inovadores um pouco por todo o mundo. Pai de dois filhos, autor publicado, trabalhou no setor da avia\u00e7\u00e3o e exerceu advocacia antes de dedicar-se exclusivamente ao mundo empresarial. Desenvolveu v\u00e1rios projetos de investiga\u00e7\u00e3o cient\u00edfica relacionada com a produtividade, que culminaram no projeto SENSE-SEAT.<\/p>\n<\/div>\n<\/div>\n\n\n\n<p><\/p>\n\n\n\n<p><\/p>\n\n\n\n<p><\/p>\n\n\n\n<p><\/p>\n\n\n\n<p><\/p>\n\n\n\n<p><\/p>\n\n\n\n<p><\/p>\n\n\n\n<p><\/p>\n\n\n\n<p><\/p>\n\n\n\n<p><\/p>\n\n\n\n<p><\/p>\n\n\n\n<p><\/p>\n","protected":false},"excerpt":{"rendered":"<p> [&hellip;]<\/p>\n","protected":false},"author":1,"featured_media":0,"parent":0,"menu_order":0,"comment_status":"closed","ping_status":"closed","template":"","meta":{"footnotes":""},"class_list":["post-474","page","type-page","status-publish","hentry"],"jetpack_sharing_enabled":true,"_links":{"self":[{"href":"https:\/\/tedxyouthfunchal.com\/index.php?rest_route=\/wp\/v2\/pages\/474","targetHints":{"allow":["GET"]}}],"collection":[{"href":"https:\/\/tedxyouthfunchal.com\/index.php?rest_route=\/wp\/v2\/pages"}],"about":[{"href":"https:\/\/tedxyouthfunchal.com\/index.php?rest_route=\/wp\/v2\/types\/page"}],"author":[{"embeddable":true,"href":"https:\/\/tedxyouthfunchal.com\/index.php?rest_route=\/wp\/v2\/users\/1"}],"replies":[{"embeddable":true,"href":"https:\/\/tedxyouthfunchal.com\/index.php?rest_route=%2Fwp%2Fv2%2Fcomments&post=474"}],"version-history":[{"count":1,"href":"https:\/\/tedxyouthfunchal.com\/index.php?rest_route=\/wp\/v2\/pages\/474\/revisions"}],"predecessor-version":[{"id":476,"href":"https:\/\/tedxyouthfunchal.com\/index.php?rest_route=\/wp\/v2\/pages\/474\/revisions\/476"}],"wp:attachment":[{"href":"https:\/\/tedxyouthfunchal.com\/index.php?rest_route=%2Fwp%2Fv2%2Fmedia&parent=474"}],"curies":[{"name":"wp","href":"https:\/\/api.w.org\/{rel}","templated":true}]}}