{"id":478,"date":"2024-01-11T07:13:38","date_gmt":"2024-01-11T07:13:38","guid":{"rendered":"https:\/\/tedxyouthfunchal.com\/?page_id=478"},"modified":"2024-01-12T19:05:57","modified_gmt":"2024-01-12T19:05:57","slug":"eva-xavier-2","status":"publish","type":"page","link":"https:\/\/tedxyouthfunchal.com\/?page_id=478","title":{"rendered":"Eva xavier"},"content":{"rendered":"\n<div class=\"wp-block-group is-content-justification-center is-nowrap is-layout-flex wp-container-core-group-is-layout-23441af8 wp-block-group-is-layout-flex\">\n<figure class=\"wp-block-image size-full is-resized has-custom-border\"><img fetchpriority=\"high\" decoding=\"async\" width=\"1080\" height=\"1080\" src=\"https:\/\/tedxyouthfunchal.com\/wp-content\/uploads\/2024\/01\/eva-xavier.jpg\" alt=\"\" class=\"wp-image-479\" style=\"border-radius:35px;width:1000px\" srcset=\"https:\/\/tedxyouthfunchal.com\/wp-content\/uploads\/2024\/01\/eva-xavier.jpg 1080w, https:\/\/tedxyouthfunchal.com\/wp-content\/uploads\/2024\/01\/eva-xavier-300x300.jpg 300w, https:\/\/tedxyouthfunchal.com\/wp-content\/uploads\/2024\/01\/eva-xavier-1024x1024.jpg 1024w, https:\/\/tedxyouthfunchal.com\/wp-content\/uploads\/2024\/01\/eva-xavier-150x150.jpg 150w, https:\/\/tedxyouthfunchal.com\/wp-content\/uploads\/2024\/01\/eva-xavier-768x768.jpg 768w, https:\/\/tedxyouthfunchal.com\/wp-content\/uploads\/2024\/01\/eva-xavier-600x600.jpg 600w, https:\/\/tedxyouthfunchal.com\/wp-content\/uploads\/2024\/01\/eva-xavier-100x100.jpg 100w\" sizes=\"(max-width: 1080px) 100vw, 1080px\" \/><\/figure>\n\n\n\n<div class=\"wp-block-group is-vertical is-content-justification-center is-layout-flex wp-container-core-group-is-layout-b6c1f246 wp-block-group-is-layout-flex\">\n<p class=\"has-allison-font-family has-huge-font-size\">Eva Xavier &#8211; Oradora 2023<\/p>\n\n\n\n<p class=\"has-medium-font-size\">Eva, estudante de 10\u00ba ano na Escola Secund\u00e1ria Francisco Franco, sempre teve um pequeno amor pela participa\u00e7\u00e3o jovem. Entre projetos a n\u00edvel regional, como o Parlamento Jovem Regional, at\u00e9 confer\u00eancias de foro internacional, como o lan\u00e7amento da Estrat\u00e9gia dos Direitos da Crian\u00e7a 2022-2027, tem garantido que todas as conversas e situa\u00e7\u00f5es em que se encontra s\u00e3o tidas em conta nas suas sugest\u00f5es e interven\u00e7\u00f5es.<\/p>\n<\/div>\n<\/div>\n","protected":false},"excerpt":{"rendered":"<p> [&hellip;]<\/p>\n","protected":false},"author":1,"featured_media":0,"parent":0,"menu_order":0,"comment_status":"closed","ping_status":"closed","template":"","meta":{"footnotes":""},"class_list":["post-478","page","type-page","status-publish","hentry"],"jetpack_sharing_enabled":true,"_links":{"self":[{"href":"https:\/\/tedxyouthfunchal.com\/index.php?rest_route=\/wp\/v2\/pages\/478","targetHints":{"allow":["GET"]}}],"collection":[{"href":"https:\/\/tedxyouthfunchal.com\/index.php?rest_route=\/wp\/v2\/pages"}],"about":[{"href":"https:\/\/tedxyouthfunchal.com\/index.php?rest_route=\/wp\/v2\/types\/page"}],"author":[{"embeddable":true,"href":"https:\/\/tedxyouthfunchal.com\/index.php?rest_route=\/wp\/v2\/users\/1"}],"replies":[{"embeddable":true,"href":"https:\/\/tedxyouthfunchal.com\/index.php?rest_route=%2Fwp%2Fv2%2Fcomments&post=478"}],"version-history":[{"count":1,"href":"https:\/\/tedxyouthfunchal.com\/index.php?rest_route=\/wp\/v2\/pages\/478\/revisions"}],"predecessor-version":[{"id":480,"href":"https:\/\/tedxyouthfunchal.com\/index.php?rest_route=\/wp\/v2\/pages\/478\/revisions\/480"}],"wp:attachment":[{"href":"https:\/\/tedxyouthfunchal.com\/index.php?rest_route=%2Fwp%2Fv2%2Fmedia&parent=478"}],"curies":[{"name":"wp","href":"https:\/\/api.w.org\/{rel}","templated":true}]}}