{"id":484,"date":"2024-01-11T07:18:36","date_gmt":"2024-01-11T07:18:36","guid":{"rendered":"https:\/\/tedxyouthfunchal.com\/?page_id=484"},"modified":"2024-01-11T07:18:38","modified_gmt":"2024-01-11T07:18:38","slug":"magda-dias","status":"publish","type":"page","link":"https:\/\/tedxyouthfunchal.com\/?page_id=484","title":{"rendered":"Magda Dias"},"content":{"rendered":"\n<div class=\"wp-block-group is-content-justification-center is-nowrap is-layout-flex wp-container-core-group-is-layout-23441af8 wp-block-group-is-layout-flex\">\n<figure class=\"wp-block-image size-full is-resized has-custom-border\"><img fetchpriority=\"high\" decoding=\"async\" width=\"795\" height=\"1022\" src=\"https:\/\/tedxyouthfunchal.com\/wp-content\/uploads\/2024\/01\/magda-dias.jpg\" alt=\"\" class=\"wp-image-486\" style=\"border-radius:35px;width:1000px\" srcset=\"https:\/\/tedxyouthfunchal.com\/wp-content\/uploads\/2024\/01\/magda-dias.jpg 795w, https:\/\/tedxyouthfunchal.com\/wp-content\/uploads\/2024\/01\/magda-dias-233x300.jpg 233w, https:\/\/tedxyouthfunchal.com\/wp-content\/uploads\/2024\/01\/magda-dias-768x987.jpg 768w, https:\/\/tedxyouthfunchal.com\/wp-content\/uploads\/2024\/01\/magda-dias-600x771.jpg 600w\" sizes=\"(max-width: 795px) 100vw, 795px\" \/><\/figure>\n\n\n\n<div class=\"wp-block-group is-vertical is-content-justification-center is-layout-flex wp-container-core-group-is-layout-b6c1f246 wp-block-group-is-layout-flex\">\n<p class=\"has-allison-font-family has-huge-font-size\">Magda Dias &#8211; Oradora 2023<\/p>\n\n\n\n<p class=\"has-medium-font-size\">Magda Dias, uma estudante de 16 anos da Escola Secund\u00e1ria Francisco Franco, gosta de criar e lutar pelos seus objetivos, quer na escola, quer em atividades extracurriculares, como o desporto, atrav\u00e9s do triatlo, e a m\u00fasica, atrav\u00e9s do bandolim. No in\u00edcio do m\u00eas de abril, recebeu uma not\u00edcia que fez a sua vida mudar drasticamente.<\/p>\n<\/div>\n<\/div>\n","protected":false},"excerpt":{"rendered":"<p> [&hellip;]<\/p>\n","protected":false},"author":1,"featured_media":0,"parent":0,"menu_order":0,"comment_status":"closed","ping_status":"closed","template":"","meta":{"footnotes":""},"class_list":["post-484","page","type-page","status-publish","hentry"],"jetpack_sharing_enabled":true,"_links":{"self":[{"href":"https:\/\/tedxyouthfunchal.com\/index.php?rest_route=\/wp\/v2\/pages\/484","targetHints":{"allow":["GET"]}}],"collection":[{"href":"https:\/\/tedxyouthfunchal.com\/index.php?rest_route=\/wp\/v2\/pages"}],"about":[{"href":"https:\/\/tedxyouthfunchal.com\/index.php?rest_route=\/wp\/v2\/types\/page"}],"author":[{"embeddable":true,"href":"https:\/\/tedxyouthfunchal.com\/index.php?rest_route=\/wp\/v2\/users\/1"}],"replies":[{"embeddable":true,"href":"https:\/\/tedxyouthfunchal.com\/index.php?rest_route=%2Fwp%2Fv2%2Fcomments&post=484"}],"version-history":[{"count":1,"href":"https:\/\/tedxyouthfunchal.com\/index.php?rest_route=\/wp\/v2\/pages\/484\/revisions"}],"predecessor-version":[{"id":487,"href":"https:\/\/tedxyouthfunchal.com\/index.php?rest_route=\/wp\/v2\/pages\/484\/revisions\/487"}],"wp:attachment":[{"href":"https:\/\/tedxyouthfunchal.com\/index.php?rest_route=%2Fwp%2Fv2%2Fmedia&parent=484"}],"curies":[{"name":"wp","href":"https:\/\/api.w.org\/{rel}","templated":true}]}}