{"id":488,"date":"2024-01-11T07:20:32","date_gmt":"2024-01-11T07:20:32","guid":{"rendered":"https:\/\/tedxyouthfunchal.com\/?page_id=488"},"modified":"2024-01-11T07:21:08","modified_gmt":"2024-01-11T07:21:08","slug":"sofia-vasconcelos","status":"publish","type":"page","link":"https:\/\/tedxyouthfunchal.com\/?page_id=488","title":{"rendered":"Sofia Vasconcelos"},"content":{"rendered":"\n<div class=\"wp-block-group is-content-justification-center is-nowrap is-layout-flex wp-container-core-group-is-layout-23441af8 wp-block-group-is-layout-flex\">\n<figure class=\"wp-block-image size-full is-resized has-custom-border\"><img fetchpriority=\"high\" decoding=\"async\" width=\"864\" height=\"1080\" src=\"https:\/\/tedxyouthfunchal.com\/wp-content\/uploads\/2024\/01\/sofia-vasconcelos.jpg\" alt=\"\" class=\"wp-image-489\" style=\"border-radius:35px;width:1000px\" srcset=\"https:\/\/tedxyouthfunchal.com\/wp-content\/uploads\/2024\/01\/sofia-vasconcelos.jpg 864w, https:\/\/tedxyouthfunchal.com\/wp-content\/uploads\/2024\/01\/sofia-vasconcelos-240x300.jpg 240w, https:\/\/tedxyouthfunchal.com\/wp-content\/uploads\/2024\/01\/sofia-vasconcelos-819x1024.jpg 819w, https:\/\/tedxyouthfunchal.com\/wp-content\/uploads\/2024\/01\/sofia-vasconcelos-768x960.jpg 768w, https:\/\/tedxyouthfunchal.com\/wp-content\/uploads\/2024\/01\/sofia-vasconcelos-600x750.jpg 600w\" sizes=\"(max-width: 864px) 100vw, 864px\" \/><\/figure>\n\n\n\n<div class=\"wp-block-group is-vertical is-content-justification-center is-layout-flex wp-container-core-group-is-layout-b6c1f246 wp-block-group-is-layout-flex\">\n<p class=\"has-allison-font-family has-huge-font-size\">Sofia Vasconcelos &#8211; Oradora 2023<\/p>\n\n\n\n<p class=\"has-medium-font-size\">Sofia Vasconcelos tem 23 anos e \u00e9 natural do Funchal. Desde nova que se fascina pelo mundo ao seu redor, fasc\u00ednio este que a levou a completar o ensino secund\u00e1rio na China. No entanto, \u00e9 \u00e0 ci\u00eancia que se dedica por acreditar que \u00e9 atrav\u00e9s dela que muitos dos problemas que a humanidade enfrenta poder\u00e3o ser resolvidos.<\/p>\n<\/div>\n<\/div>\n","protected":false},"excerpt":{"rendered":"<p> [&hellip;]<\/p>\n","protected":false},"author":1,"featured_media":0,"parent":0,"menu_order":0,"comment_status":"closed","ping_status":"closed","template":"","meta":{"footnotes":""},"class_list":["post-488","page","type-page","status-publish","hentry"],"jetpack_sharing_enabled":true,"_links":{"self":[{"href":"https:\/\/tedxyouthfunchal.com\/index.php?rest_route=\/wp\/v2\/pages\/488","targetHints":{"allow":["GET"]}}],"collection":[{"href":"https:\/\/tedxyouthfunchal.com\/index.php?rest_route=\/wp\/v2\/pages"}],"about":[{"href":"https:\/\/tedxyouthfunchal.com\/index.php?rest_route=\/wp\/v2\/types\/page"}],"author":[{"embeddable":true,"href":"https:\/\/tedxyouthfunchal.com\/index.php?rest_route=\/wp\/v2\/users\/1"}],"replies":[{"embeddable":true,"href":"https:\/\/tedxyouthfunchal.com\/index.php?rest_route=%2Fwp%2Fv2%2Fcomments&post=488"}],"version-history":[{"count":2,"href":"https:\/\/tedxyouthfunchal.com\/index.php?rest_route=\/wp\/v2\/pages\/488\/revisions"}],"predecessor-version":[{"id":491,"href":"https:\/\/tedxyouthfunchal.com\/index.php?rest_route=\/wp\/v2\/pages\/488\/revisions\/491"}],"wp:attachment":[{"href":"https:\/\/tedxyouthfunchal.com\/index.php?rest_route=%2Fwp%2Fv2%2Fmedia&parent=488"}],"curies":[{"name":"wp","href":"https:\/\/api.w.org\/{rel}","templated":true}]}}