{"id":532,"date":"2024-01-19T22:13:41","date_gmt":"2024-01-19T22:13:41","guid":{"rendered":"https:\/\/tedxyouthfunchal.com\/?page_id=532"},"modified":"2024-01-19T22:42:51","modified_gmt":"2024-01-19T22:42:51","slug":"tomas-lacerda","status":"publish","type":"page","link":"https:\/\/tedxyouthfunchal.com\/?page_id=532","title":{"rendered":"Tom\u00e1s Lacerda"},"content":{"rendered":"\n<div class=\"wp-block-group is-content-justification-center is-nowrap is-layout-flex wp-container-core-group-is-layout-23441af8 wp-block-group-is-layout-flex\">\n<figure class=\"wp-block-image size-full is-resized has-custom-border\"><img fetchpriority=\"high\" decoding=\"async\" width=\"400\" height=\"400\" src=\"https:\/\/tedxyouthfunchal.com\/wp-content\/uploads\/2024\/01\/Foto-Tomas-Lacerda-1-2.jpg\" alt=\"\" class=\"wp-image-533\" style=\"border-radius:35px;width:1900px\" srcset=\"https:\/\/tedxyouthfunchal.com\/wp-content\/uploads\/2024\/01\/Foto-Tomas-Lacerda-1-2.jpg 400w, https:\/\/tedxyouthfunchal.com\/wp-content\/uploads\/2024\/01\/Foto-Tomas-Lacerda-1-2-300x300.jpg 300w, https:\/\/tedxyouthfunchal.com\/wp-content\/uploads\/2024\/01\/Foto-Tomas-Lacerda-1-2-150x150.jpg 150w, https:\/\/tedxyouthfunchal.com\/wp-content\/uploads\/2024\/01\/Foto-Tomas-Lacerda-1-2-100x100.jpg 100w\" sizes=\"(max-width: 400px) 100vw, 400px\" \/><\/figure>\n\n\n\n<div class=\"wp-block-group is-vertical is-content-justification-center is-layout-flex wp-container-core-group-is-layout-b6c1f246 wp-block-group-is-layout-flex\">\n<p class=\"has-allison-font-family has-huge-font-size\">Tom\u00e1s lacerda &#8211; Orador 2024<\/p>\n\n\n\n<p class=\"has-medium-font-size\">Tom\u00e1s Vasconcelos de Lacerda, conhecido como Tom\u00e1s Lacerda ou Lacerda, nasceu em 24 de abril de 2002, na Ilha da Madeira. Desde tenra idade, a sua paix\u00e3o por desportos radicais foi inspirada pelo seu pai. Iniciou a sua jornada no surf aos 6 anos, competindo e representando Portugal at\u00e9 os 18. Aos 15, descobriu a sua afinidade com o Stand Up Paddle, onde se destacou, conquistando o t\u00edtulo de campe\u00e3o nacional por mais de 20 vezes. Em 2023, alcan\u00e7ou o auge ao tornar-se Campe\u00e3o Europeu de Sprints, consolidando o seu nome no cen\u00e1rio&nbsp;desportivo.<\/p>\n<\/div>\n<\/div>\n","protected":false},"excerpt":{"rendered":"<p> [&hellip;]<\/p>\n","protected":false},"author":1,"featured_media":0,"parent":0,"menu_order":0,"comment_status":"closed","ping_status":"closed","template":"","meta":{"footnotes":""},"class_list":["post-532","page","type-page","status-publish","hentry"],"jetpack_sharing_enabled":true,"_links":{"self":[{"href":"https:\/\/tedxyouthfunchal.com\/index.php?rest_route=\/wp\/v2\/pages\/532","targetHints":{"allow":["GET"]}}],"collection":[{"href":"https:\/\/tedxyouthfunchal.com\/index.php?rest_route=\/wp\/v2\/pages"}],"about":[{"href":"https:\/\/tedxyouthfunchal.com\/index.php?rest_route=\/wp\/v2\/types\/page"}],"author":[{"embeddable":true,"href":"https:\/\/tedxyouthfunchal.com\/index.php?rest_route=\/wp\/v2\/users\/1"}],"replies":[{"embeddable":true,"href":"https:\/\/tedxyouthfunchal.com\/index.php?rest_route=%2Fwp%2Fv2%2Fcomments&post=532"}],"version-history":[{"count":8,"href":"https:\/\/tedxyouthfunchal.com\/index.php?rest_route=\/wp\/v2\/pages\/532\/revisions"}],"predecessor-version":[{"id":560,"href":"https:\/\/tedxyouthfunchal.com\/index.php?rest_route=\/wp\/v2\/pages\/532\/revisions\/560"}],"wp:attachment":[{"href":"https:\/\/tedxyouthfunchal.com\/index.php?rest_route=%2Fwp%2Fv2%2Fmedia&parent=532"}],"curies":[{"name":"wp","href":"https:\/\/api.w.org\/{rel}","templated":true}]}}