{"id":540,"date":"2024-01-19T22:17:53","date_gmt":"2024-01-19T22:17:53","guid":{"rendered":"https:\/\/tedxyouthfunchal.com\/?page_id=540"},"modified":"2024-01-19T22:43:40","modified_gmt":"2024-01-19T22:43:40","slug":"valentina-silva","status":"publish","type":"page","link":"https:\/\/tedxyouthfunchal.com\/?page_id=540","title":{"rendered":"Valentina Silva"},"content":{"rendered":"\n<div class=\"wp-block-group is-content-justification-center is-nowrap is-layout-flex wp-container-core-group-is-layout-23441af8 wp-block-group-is-layout-flex\">\n<figure class=\"wp-block-image size-full is-resized has-custom-border\"><img fetchpriority=\"high\" decoding=\"async\" width=\"1365\" height=\"1365\" src=\"https:\/\/tedxyouthfunchal.com\/wp-content\/uploads\/2024\/01\/Foto-da-Valentina-Silva.png-3.jpg\" alt=\"\" class=\"wp-image-541\" style=\"border-radius:35px;width:300px\" srcset=\"https:\/\/tedxyouthfunchal.com\/wp-content\/uploads\/2024\/01\/Foto-da-Valentina-Silva.png-3.jpg 1365w, https:\/\/tedxyouthfunchal.com\/wp-content\/uploads\/2024\/01\/Foto-da-Valentina-Silva.png-3-300x300.jpg 300w, https:\/\/tedxyouthfunchal.com\/wp-content\/uploads\/2024\/01\/Foto-da-Valentina-Silva.png-3-1024x1024.jpg 1024w, https:\/\/tedxyouthfunchal.com\/wp-content\/uploads\/2024\/01\/Foto-da-Valentina-Silva.png-3-150x150.jpg 150w, https:\/\/tedxyouthfunchal.com\/wp-content\/uploads\/2024\/01\/Foto-da-Valentina-Silva.png-3-768x768.jpg 768w, https:\/\/tedxyouthfunchal.com\/wp-content\/uploads\/2024\/01\/Foto-da-Valentina-Silva.png-3-1320x1320.jpg 1320w, https:\/\/tedxyouthfunchal.com\/wp-content\/uploads\/2024\/01\/Foto-da-Valentina-Silva.png-3-600x600.jpg 600w, https:\/\/tedxyouthfunchal.com\/wp-content\/uploads\/2024\/01\/Foto-da-Valentina-Silva.png-3-100x100.jpg 100w\" sizes=\"(max-width: 1365px) 100vw, 1365px\" \/><\/figure>\n\n\n\n<div class=\"wp-block-group is-vertical is-content-justification-center is-layout-flex wp-container-core-group-is-layout-b6c1f246 wp-block-group-is-layout-flex\">\n<p class=\"has-allison-font-family has-huge-font-size\">Valentina Silva &#8211; Oradora 2024<\/p>\n\n\n\n<p class=\"has-medium-font-size\">T\u00e9cnica Superior de Educa\u00e7\u00e3o no Projeto ART\u2019THEMIS+ (UMAR). Autora de cinco<br>romances, sendo o \u00faltimo \u2013 Vertigens \u2013 editado pela Aurora, chancela da Infinito Particular, em<br>2022, semifinalista do Pr\u00e9mio Oceanos de Literatura 2023. Coautora em dezenas de antologias<br>portuguesas e brasileiras. Vencedora de pr\u00e9mios liter\u00e1rios nacionais e internacionais, com<br>destaque para o primeiro lugar no Pr\u00e9mio Liter\u00e1rio Pedro da Fonseca (C\u00e2mara Municipal de<br>Proen\u00e7a-a-Nova, 2020), no Concurso Internacional de Contos Vicente Cardoso (Feira do Livro de<br>Santa Rosa \u2013 Brasil, 2014) e no Concurso Internacional de Contos N\u00e9lson Rodrigues (UNESCO \u2013<br>Paris, 2013). Foi distinguida pelo Madeira Novos Talentos + Futuro, um projeto do JM, em<br>parceria com a Assembleia Legislativa da Madeira e como Personalidade do Ano da \u00e1rea da<br>Cultura, pelo JM, em 2023. Ativista feminista, LGBTI+ e vegana<\/p>\n<\/div>\n<\/div>\n","protected":false},"excerpt":{"rendered":"<p> [&hellip;]<\/p>\n","protected":false},"author":1,"featured_media":0,"parent":0,"menu_order":0,"comment_status":"closed","ping_status":"closed","template":"","meta":{"footnotes":""},"class_list":["post-540","page","type-page","status-publish","hentry"],"jetpack_sharing_enabled":true,"_links":{"self":[{"href":"https:\/\/tedxyouthfunchal.com\/index.php?rest_route=\/wp\/v2\/pages\/540","targetHints":{"allow":["GET"]}}],"collection":[{"href":"https:\/\/tedxyouthfunchal.com\/index.php?rest_route=\/wp\/v2\/pages"}],"about":[{"href":"https:\/\/tedxyouthfunchal.com\/index.php?rest_route=\/wp\/v2\/types\/page"}],"author":[{"embeddable":true,"href":"https:\/\/tedxyouthfunchal.com\/index.php?rest_route=\/wp\/v2\/users\/1"}],"replies":[{"embeddable":true,"href":"https:\/\/tedxyouthfunchal.com\/index.php?rest_route=%2Fwp%2Fv2%2Fcomments&post=540"}],"version-history":[{"count":8,"href":"https:\/\/tedxyouthfunchal.com\/index.php?rest_route=\/wp\/v2\/pages\/540\/revisions"}],"predecessor-version":[{"id":562,"href":"https:\/\/tedxyouthfunchal.com\/index.php?rest_route=\/wp\/v2\/pages\/540\/revisions\/562"}],"wp:attachment":[{"href":"https:\/\/tedxyouthfunchal.com\/index.php?rest_route=%2Fwp%2Fv2%2Fmedia&parent=540"}],"curies":[{"name":"wp","href":"https:\/\/api.w.org\/{rel}","templated":true}]}}