{"id":597,"date":"2024-01-27T19:12:41","date_gmt":"2024-01-27T19:12:41","guid":{"rendered":"https:\/\/tedxyouthfunchal.com\/?page_id=597"},"modified":"2024-02-10T19:08:26","modified_gmt":"2024-02-10T19:08:26","slug":"manuel-biscoito","status":"publish","type":"page","link":"https:\/\/tedxyouthfunchal.com\/?page_id=597","title":{"rendered":"Manuel Biscoito"},"content":{"rendered":"\n<div class=\"wp-block-group is-content-justification-center is-nowrap is-layout-flex wp-container-core-group-is-layout-23441af8 wp-block-group-is-layout-flex\">\n<figure class=\"wp-block-image size-full is-resized has-custom-border\"><img fetchpriority=\"high\" decoding=\"async\" width=\"722\" height=\"725\" src=\"https:\/\/tedxyouthfunchal.com\/wp-content\/uploads\/2024\/01\/ink.png\" alt=\"\" class=\"wp-image-598\" style=\"border-radius:35px;width:4600px\" srcset=\"https:\/\/tedxyouthfunchal.com\/wp-content\/uploads\/2024\/01\/ink.png 722w, https:\/\/tedxyouthfunchal.com\/wp-content\/uploads\/2024\/01\/ink-300x300.png 300w, https:\/\/tedxyouthfunchal.com\/wp-content\/uploads\/2024\/01\/ink-150x150.png 150w, https:\/\/tedxyouthfunchal.com\/wp-content\/uploads\/2024\/01\/ink-600x602.png 600w, https:\/\/tedxyouthfunchal.com\/wp-content\/uploads\/2024\/01\/ink-100x100.png 100w\" sizes=\"(max-width: 722px) 100vw, 722px\" \/><\/figure>\n\n\n\n<div class=\"wp-block-group is-vertical is-content-justification-center is-layout-flex wp-container-core-group-is-layout-b6c1f246 wp-block-group-is-layout-flex\">\n<p class=\"has-allison-font-family has-huge-font-size\">Manuel Biscoito &#8211; Orador 2024<\/p>\n\n\n\n<p class=\"has-medium-font-size\">Ingressou no Museu de Hist\u00f3ria Natural do Funchal em 1981 tendo sido seu Diretor. Foi tamb\u00e9m Diretor do Departamento de Ci\u00eancia e Recursos Naturais da C\u00e2mara Municipal do Funchal, respons\u00e1vel pela Reserva Natural das Ilhas Selvagens, Presidente da Comiss\u00e3o Instaladora do Parque Natural da Madeira e membro da sua Comiss\u00e3o Cient\u00edfica e fundador e diretor da Esta\u00e7\u00e3o de Biologia Marinha do Funchal. Atualmente, \u00e9 Chefe da Divis\u00e3o de Ci\u00eancia da C\u00e2mara Municipal do Funchal, vogal da dire\u00e7\u00e3o nacional do IMAR \u2013 Instituto do Mar, membro do Conselho Consultivo do Instituto das Florestas e Conserva\u00e7\u00e3o da Natureza e membro do Conselho Nacional do Ambiente e Desenvolvimento Sustent\u00e1vel. \u00c9 conservador-chefe do Museu de Hist\u00f3ria Natural do Funchal e especialista em taxonomia de peixes de \u00e1guas profundas, tendo sido autor ou coautor de 7 livros, 31 cap\u00edtulos de livro, 162 artigos cient\u00edficos e mais de 30 publica\u00e7\u00f5es em congressos e reuni\u00f5es cient\u00edficas. \u00c9 membro de diversas sociedades cient\u00edficas, entre as quais as Sociedades Francesa, Japonesa e Americana de Ictiologia e a Uni\u00e3o Europeia de Icti\u00f3logos e do ICOM \u2013 Conselho Internacional dos Museus. \u00c9 Editor-chefe das revistas cient\u00edficas <em>Boletim do Museu de Hist\u00f3ria Natural do Funchal<\/em> e <em>Bocagiana<\/em>. \u00c9 regularmente solicitado como avaliador de artigos em v\u00e1rias revistas cient\u00edficas europeias e norte-americanas na \u00e1rea da ictiologia.<\/p>\n<\/div>\n<\/div>\n","protected":false},"excerpt":{"rendered":"<p> [&hellip;]<\/p>\n","protected":false},"author":1,"featured_media":0,"parent":0,"menu_order":0,"comment_status":"closed","ping_status":"closed","template":"","meta":{"footnotes":""},"class_list":["post-597","page","type-page","status-publish","hentry"],"jetpack_sharing_enabled":true,"_links":{"self":[{"href":"https:\/\/tedxyouthfunchal.com\/index.php?rest_route=\/wp\/v2\/pages\/597","targetHints":{"allow":["GET"]}}],"collection":[{"href":"https:\/\/tedxyouthfunchal.com\/index.php?rest_route=\/wp\/v2\/pages"}],"about":[{"href":"https:\/\/tedxyouthfunchal.com\/index.php?rest_route=\/wp\/v2\/types\/page"}],"author":[{"embeddable":true,"href":"https:\/\/tedxyouthfunchal.com\/index.php?rest_route=\/wp\/v2\/users\/1"}],"replies":[{"embeddable":true,"href":"https:\/\/tedxyouthfunchal.com\/index.php?rest_route=%2Fwp%2Fv2%2Fcomments&post=597"}],"version-history":[{"count":12,"href":"https:\/\/tedxyouthfunchal.com\/index.php?rest_route=\/wp\/v2\/pages\/597\/revisions"}],"predecessor-version":[{"id":690,"href":"https:\/\/tedxyouthfunchal.com\/index.php?rest_route=\/wp\/v2\/pages\/597\/revisions\/690"}],"wp:attachment":[{"href":"https:\/\/tedxyouthfunchal.com\/index.php?rest_route=%2Fwp%2Fv2%2Fmedia&parent=597"}],"curies":[{"name":"wp","href":"https:\/\/api.w.org\/{rel}","templated":true}]}}