{"id":669,"date":"2024-02-09T21:50:09","date_gmt":"2024-02-09T21:50:09","guid":{"rendered":"https:\/\/tedxyouthfunchal.com\/?page_id=669"},"modified":"2024-02-09T22:09:11","modified_gmt":"2024-02-09T22:09:11","slug":"bruno-tavares","status":"publish","type":"page","link":"https:\/\/tedxyouthfunchal.com\/?page_id=669","title":{"rendered":"Bruno Tavares"},"content":{"rendered":"\n<div class=\"wp-block-group is-content-justification-center is-nowrap is-layout-flex wp-container-core-group-is-layout-23441af8 wp-block-group-is-layout-flex\">\n<figure class=\"wp-block-image size-full is-resized has-custom-border\"><img fetchpriority=\"high\" decoding=\"async\" width=\"1706\" height=\"2560\" src=\"https:\/\/tedxyouthfunchal.com\/wp-content\/uploads\/2024\/02\/EQUIPAESTUDIO-167-1-scaled.jpg\" alt=\"\" class=\"wp-image-683\" style=\"border-radius:35px;width:1200px\" srcset=\"https:\/\/tedxyouthfunchal.com\/wp-content\/uploads\/2024\/02\/EQUIPAESTUDIO-167-1-scaled.jpg 1706w, https:\/\/tedxyouthfunchal.com\/wp-content\/uploads\/2024\/02\/EQUIPAESTUDIO-167-1-200x300.jpg 200w, https:\/\/tedxyouthfunchal.com\/wp-content\/uploads\/2024\/02\/EQUIPAESTUDIO-167-1-683x1024.jpg 683w, https:\/\/tedxyouthfunchal.com\/wp-content\/uploads\/2024\/02\/EQUIPAESTUDIO-167-1-768x1152.jpg 768w, https:\/\/tedxyouthfunchal.com\/wp-content\/uploads\/2024\/02\/EQUIPAESTUDIO-167-1-1024x1536.jpg 1024w, https:\/\/tedxyouthfunchal.com\/wp-content\/uploads\/2024\/02\/EQUIPAESTUDIO-167-1-1365x2048.jpg 1365w, https:\/\/tedxyouthfunchal.com\/wp-content\/uploads\/2024\/02\/EQUIPAESTUDIO-167-1-1320x1980.jpg 1320w, https:\/\/tedxyouthfunchal.com\/wp-content\/uploads\/2024\/02\/EQUIPAESTUDIO-167-1-600x900.jpg 600w\" sizes=\"(max-width: 1706px) 100vw, 1706px\" \/><\/figure>\n\n\n\n<div class=\"wp-block-group is-vertical is-content-justification-center is-layout-flex wp-container-core-group-is-layout-b6c1f246 wp-block-group-is-layout-flex\">\n<p class=\"has-allison-font-family has-huge-font-size\">Bruno tavares &#8211; Orador 2024<\/p>\n\n\n\n<p class=\"has-medium-font-size\">Nascido em 01 de maio de 1981, proveniente de uma fam\u00edlia de origem humilde, desde cedo enfrentou a necessidade de conciliar os estudos com o trabalho. Graduou-se em Gest\u00e3o, enquanto desempenhava responsabilidades como coordenador de loja numa das principais empresas do pa\u00eds no setor das telecomunica\u00e7\u00f5es, aos 19 anos de idade.<\/p>\n\n\n\n<p class=\"has-medium-font-size\">Aos 24 anos, empreendeu sua primeira incurs\u00e3o empresarial no ramo automotivo. Posteriormente, ingressou no setor banc\u00e1rio, onde acumulou quinze anos de experi\u00eancia como banc\u00e1rio, com especializa\u00e7\u00e3o em cr\u00e9dito hipotec\u00e1rio.<\/p>\n\n\n\n<p class=\"has-medium-font-size\">Atualmente, \u00e9 um empreendedor de sucesso, com tr\u00eas empresas sob sua gest\u00e3o, duas delas operando no setor imobili\u00e1rio e outra no setor financeiro. Desde 2021, apresenta um programa de r\u00e1dio semanal, abordando temas relevantes sobre as finan\u00e7as nacionais. Al\u00e9m disso, ocasionalmente atua como comentarista e participa de debates televisivos sobre quest\u00f5es econ\u00f3micas.<\/p>\n\n\n\n<p class=\"has-medium-font-size\">Ao longo de muitos anos, cultivou o culturismo como um hobby, participando ativamente de competi\u00e7\u00f5es em n\u00edvel regional e nacional, incluindo o campeonato nacional e a Ta\u00e7a de Portugal. Atualmente, mant\u00e9m o h\u00e1bito de iniciar as suas manh\u00e3s pontualmente \u00e0s 04:27.<\/p>\n<\/div>\n<\/div>\n","protected":false},"excerpt":{"rendered":"<p> [&hellip;]<\/p>\n","protected":false},"author":1,"featured_media":0,"parent":0,"menu_order":0,"comment_status":"closed","ping_status":"closed","template":"","meta":{"footnotes":""},"class_list":["post-669","page","type-page","status-publish","hentry"],"jetpack_sharing_enabled":true,"_links":{"self":[{"href":"https:\/\/tedxyouthfunchal.com\/index.php?rest_route=\/wp\/v2\/pages\/669","targetHints":{"allow":["GET"]}}],"collection":[{"href":"https:\/\/tedxyouthfunchal.com\/index.php?rest_route=\/wp\/v2\/pages"}],"about":[{"href":"https:\/\/tedxyouthfunchal.com\/index.php?rest_route=\/wp\/v2\/types\/page"}],"author":[{"embeddable":true,"href":"https:\/\/tedxyouthfunchal.com\/index.php?rest_route=\/wp\/v2\/users\/1"}],"replies":[{"embeddable":true,"href":"https:\/\/tedxyouthfunchal.com\/index.php?rest_route=%2Fwp%2Fv2%2Fcomments&post=669"}],"version-history":[{"count":16,"href":"https:\/\/tedxyouthfunchal.com\/index.php?rest_route=\/wp\/v2\/pages\/669\/revisions"}],"predecessor-version":[{"id":693,"href":"https:\/\/tedxyouthfunchal.com\/index.php?rest_route=\/wp\/v2\/pages\/669\/revisions\/693"}],"wp:attachment":[{"href":"https:\/\/tedxyouthfunchal.com\/index.php?rest_route=%2Fwp%2Fv2%2Fmedia&parent=669"}],"curies":[{"name":"wp","href":"https:\/\/api.w.org\/{rel}","templated":true}]}}