{"id":777,"date":"2025-02-20T23:37:33","date_gmt":"2025-02-20T23:37:33","guid":{"rendered":"https:\/\/tedxyouthfunchal.com\/?page_id=777"},"modified":"2025-02-20T23:44:43","modified_gmt":"2025-02-20T23:44:43","slug":"andre-santos","status":"publish","type":"page","link":"https:\/\/tedxyouthfunchal.com\/?page_id=777","title":{"rendered":"Andr\u00e9 Santos"},"content":{"rendered":"\n<p class=\"has-text-align-justify has-small-font-size\"><\/p>\n\n\n\n<div class=\"wp-block-columns is-layout-flex wp-container-core-columns-is-layout-28f84493 wp-block-columns-is-layout-flex\">\n<div class=\"wp-block-column is-layout-flow wp-block-column-is-layout-flow\">\n<figure class=\"wp-block-gallery has-nested-images columns-default is-cropped wp-block-gallery-2 is-layout-flex wp-block-gallery-is-layout-flex\">\n<figure class=\"wp-block-image size-large is-style-rounded\"><img fetchpriority=\"high\" decoding=\"async\" width=\"1024\" height=\"1024\" data-id=\"774\" src=\"https:\/\/tedxyouthfunchal.com\/wp-content\/uploads\/2023\/11\/Imagem-Oradores-1-1-1024x1024.png\" alt=\"\" class=\"wp-image-774\" srcset=\"https:\/\/tedxyouthfunchal.com\/wp-content\/uploads\/2023\/11\/Imagem-Oradores-1-1-1024x1024.png 1024w, https:\/\/tedxyouthfunchal.com\/wp-content\/uploads\/2023\/11\/Imagem-Oradores-1-1-300x300.png 300w, https:\/\/tedxyouthfunchal.com\/wp-content\/uploads\/2023\/11\/Imagem-Oradores-1-1-150x150.png 150w, https:\/\/tedxyouthfunchal.com\/wp-content\/uploads\/2023\/11\/Imagem-Oradores-1-1-768x768.png 768w, https:\/\/tedxyouthfunchal.com\/wp-content\/uploads\/2023\/11\/Imagem-Oradores-1-1-1536x1536.png 1536w, https:\/\/tedxyouthfunchal.com\/wp-content\/uploads\/2023\/11\/Imagem-Oradores-1-1-2048x2048.png 2048w, https:\/\/tedxyouthfunchal.com\/wp-content\/uploads\/2023\/11\/Imagem-Oradores-1-1-1320x1320.png 1320w, https:\/\/tedxyouthfunchal.com\/wp-content\/uploads\/2023\/11\/Imagem-Oradores-1-1-600x600.png 600w, https:\/\/tedxyouthfunchal.com\/wp-content\/uploads\/2023\/11\/Imagem-Oradores-1-1-100x100.png 100w\" sizes=\"(max-width: 1024px) 100vw, 1024px\" \/><\/figure>\n<\/figure>\n<\/div>\n\n\n\n<div class=\"wp-block-column is-layout-flow wp-block-column-is-layout-flow\">\n<p class=\"has-text-align-justify has-extra-small-font-size\">Andr\u00e9 Santos, natural da Madeira, formou-se em Design pela Universidade da Madeira em 2021, num momento particularmente desafiante para o mundo. Durante a pandemia, o futuro profissional parecia incerto, com v\u00e1rios caminhos poss\u00edveis a sua frente, e Andr\u00e9 encontrava-se num impasse sobre qual dire\u00e7\u00e3o seguir. Foi ent\u00e3o que o programa Erasmus+ entrou na sua vida, abrindo-lhe portas para uma realidade europeia repleta de oportunidades de crescimento pessoal e profissional.<\/p>\n\n\n\n<p class=\"has-text-align-justify has-extra-small-font-size\">Em 2021, participou no seu primeiro interc\u00e2mbio juvenil na Noruega, uma experi\u00eancia que o catapultou para uma jornada de explora\u00e7\u00e3o e aprendizagem que n\u00e3o parou desde ent\u00e3o. Nos tr\u00eas anos que se seguiram, Andr\u00e9 j\u00e1 visitou mais de 20 pa\u00edses europeus, realizou voluntariado na Pol\u00f3nia e est\u00e1gios em It\u00e1lia e Espanha, al\u00e9m de ter participado em in\u00fameras forma\u00e7\u00f5es internacionais. Cada uma destas experi\u00eancias n\u00e3o s\u00f3 o moldou como designer, mas tamb\u00e9m como cidad\u00e3o global.<\/p>\n\n\n\n<p class=\"has-text-align-justify has-extra-small-font-size\">Atualmente, Andr\u00e9 est\u00e1 \u00e0 frente de projetos educacionais na associa\u00e7\u00e3o My Madeira Island, onde continua a expandir a sua trajet\u00f3ria. Com uma paix\u00e3o por experi\u00eancias internacionais e um esp\u00edrito incans\u00e1vel de descoberta, o seu percurso \u00e9 uma inspira\u00e7\u00e3o para todos os que acreditam no poder das oportunidades globais.<\/p>\n\n\n\n<p class=\"has-text-align-justify has-extra-small-font-size\">No TEDxFunchal 2024, ele partilhar\u00e1 a sua vis\u00e3o sobre como aproveitar as oportunidades que o mundo nos oferece pode transformar o nosso futuro.<\/p>\n<\/div>\n<\/div>\n\n\n\n<p><\/p>\n","protected":false},"excerpt":{"rendered":"<p> [&hellip;]<\/p>\n","protected":false},"author":1,"featured_media":0,"parent":0,"menu_order":0,"comment_status":"closed","ping_status":"closed","template":"","meta":{"footnotes":""},"class_list":["post-777","page","type-page","status-publish","hentry"],"jetpack_sharing_enabled":true,"_links":{"self":[{"href":"https:\/\/tedxyouthfunchal.com\/index.php?rest_route=\/wp\/v2\/pages\/777","targetHints":{"allow":["GET"]}}],"collection":[{"href":"https:\/\/tedxyouthfunchal.com\/index.php?rest_route=\/wp\/v2\/pages"}],"about":[{"href":"https:\/\/tedxyouthfunchal.com\/index.php?rest_route=\/wp\/v2\/types\/page"}],"author":[{"embeddable":true,"href":"https:\/\/tedxyouthfunchal.com\/index.php?rest_route=\/wp\/v2\/users\/1"}],"replies":[{"embeddable":true,"href":"https:\/\/tedxyouthfunchal.com\/index.php?rest_route=%2Fwp%2Fv2%2Fcomments&post=777"}],"version-history":[{"count":1,"href":"https:\/\/tedxyouthfunchal.com\/index.php?rest_route=\/wp\/v2\/pages\/777\/revisions"}],"predecessor-version":[{"id":779,"href":"https:\/\/tedxyouthfunchal.com\/index.php?rest_route=\/wp\/v2\/pages\/777\/revisions\/779"}],"wp:attachment":[{"href":"https:\/\/tedxyouthfunchal.com\/index.php?rest_route=%2Fwp%2Fv2%2Fmedia&parent=777"}],"curies":[{"name":"wp","href":"https:\/\/api.w.org\/{rel}","templated":true}]}}