{"id":806,"date":"2025-03-11T23:28:49","date_gmt":"2025-03-11T23:28:49","guid":{"rendered":"https:\/\/tedxyouthfunchal.com\/?page_id=806"},"modified":"2025-03-11T23:38:22","modified_gmt":"2025-03-11T23:38:22","slug":"sara-cintia","status":"publish","type":"page","link":"https:\/\/tedxyouthfunchal.com\/?page_id=806","title":{"rendered":"Sara C\u00edntia"},"content":{"rendered":"\n<div class=\"wp-block-columns is-layout-flex wp-container-core-columns-is-layout-28f84493 wp-block-columns-is-layout-flex\">\n<div class=\"wp-block-column is-layout-flow wp-block-column-is-layout-flow\">\n<figure class=\"wp-block-image size-large\"><img fetchpriority=\"high\" decoding=\"async\" width=\"1024\" height=\"971\" src=\"https:\/\/tedxyouthfunchal.com\/wp-content\/uploads\/2025\/03\/Foto-Sara-Cintia-1024x971.jpeg\" alt=\"\" class=\"wp-image-807\" srcset=\"https:\/\/tedxyouthfunchal.com\/wp-content\/uploads\/2025\/03\/Foto-Sara-Cintia-1024x971.jpeg 1024w, https:\/\/tedxyouthfunchal.com\/wp-content\/uploads\/2025\/03\/Foto-Sara-Cintia-300x284.jpeg 300w, https:\/\/tedxyouthfunchal.com\/wp-content\/uploads\/2025\/03\/Foto-Sara-Cintia-768x728.jpeg 768w, https:\/\/tedxyouthfunchal.com\/wp-content\/uploads\/2025\/03\/Foto-Sara-Cintia-600x569.jpeg 600w, https:\/\/tedxyouthfunchal.com\/wp-content\/uploads\/2025\/03\/Foto-Sara-Cintia.jpeg 1290w\" sizes=\"(max-width: 1024px) 100vw, 1024px\" \/><\/figure>\n<\/div>\n\n\n\n<div class=\"wp-block-column is-layout-flow wp-block-column-is-layout-flow\">\n<p>Sara C\u00edntia, nasceu no ano de 1996 em Lisboa. Estudou no Conservat\u00f3rio Escola Das Artes Eng.Luiz Peter Clode entre 2012-2015, e em seguida licenciou-se no Ramo de Atores da Escola Superior de Teatro e Cinema, terminando em 2018. Durante o seu percurso trabalhou profissionalmente em v\u00e1rios projetos, com diversas companhias e encenadores: Maria Duarte, Francisco Salgado, \u00c1lvaro Correia, Bruno Humberto, Jean Paul Bucchiri, Bruno Bravo, Carlos J. Pessoa, Howard Sonenklar, Jo\u00e3o Henriques, Maria Repas, Peter Michael Dietz, Diogo Correia Pinto, Eduardo Lu\u00edz, Ricardo Brito, Duarte Rodrigues, Eduardo Gaspar, Miguel Vieira, Ant\u00f3nio Pl\u00e1cido, Filipe Gouveia e Roberto Merino e tendo apresentado em teatros como: Teatro Experimental do Funchal, Teatro Municipal Baltazar Dias, Teatro da Trindade, Teatro Ib\u00e9rico, Casa Das Mudas, entre outros. No ano de 2020 integrou no elenco da Plural, Corda Bamba e em 2022 na s\u00e9rie da RTP Os abandonados, no qual recebeu um pr\u00e9mio de Direitos Humanos nos Estados Unidos da Am\u00e9rica. Os espet\u00e1culos que destaca s\u00e3o, Os qu&#8217; EmigraRAM, encenado por Ricardo Brito com uma co-produ\u00e7\u00e3o do Teatro Municipal Baltazar Dias estreado no ano de 2020 e feito uma digress\u00e3o de cerca de 3 anos; O Primo Basilio, encenado por Eduardo Gaspar; no ano de 2023 encenou o seu primeiro projeto O Rapaz Misterioso, texto de Vefa Ozturk e apresentado no Teatro Municipal Baltazar Dias e o festival FES.TAS, organizado pela companhia AGON. Como complemento participou em diversos workshops dos quais se destacam c\u00e2maras com a atriz e encenadora Maria Henriques, e de interpreta\u00e7\u00e3o com atriz Margarida Marinho. Tamb\u00e9m participou nos Festivais ETE (Encontro Nacional de Teatro nas Escolas), no ano de 2012 em Serpa, e no SET (Semana das Escolas de Teatro) realizado na Universidade ESMAE no Porto. Paralelamente ao teatro, iniciou no ano de 2019, o projeto PARTICULARidades no Teatro Municipal Baltazar Dias, juntamente com Catarina Claro; E pela empresa Macroanima, coordena grupos de animadores de rua nas festividades na cidade do Funchal. Atualmente \u00e9 vice presidente da Associa\u00e7\u00e3o Equivalente, e \u00e9 t\u00e9cnica Superior na Associa\u00e7\u00e3o Garouta do Calhau onde d\u00e1 aulas de teatro.<\/p>\n<\/div>\n<\/div>\n","protected":false},"excerpt":{"rendered":"<p> [&hellip;]<\/p>\n","protected":false},"author":1,"featured_media":0,"parent":0,"menu_order":0,"comment_status":"closed","ping_status":"closed","template":"","meta":{"footnotes":""},"class_list":["post-806","page","type-page","status-publish","hentry"],"jetpack_sharing_enabled":true,"_links":{"self":[{"href":"https:\/\/tedxyouthfunchal.com\/index.php?rest_route=\/wp\/v2\/pages\/806","targetHints":{"allow":["GET"]}}],"collection":[{"href":"https:\/\/tedxyouthfunchal.com\/index.php?rest_route=\/wp\/v2\/pages"}],"about":[{"href":"https:\/\/tedxyouthfunchal.com\/index.php?rest_route=\/wp\/v2\/types\/page"}],"author":[{"embeddable":true,"href":"https:\/\/tedxyouthfunchal.com\/index.php?rest_route=\/wp\/v2\/users\/1"}],"replies":[{"embeddable":true,"href":"https:\/\/tedxyouthfunchal.com\/index.php?rest_route=%2Fwp%2Fv2%2Fcomments&post=806"}],"version-history":[{"count":2,"href":"https:\/\/tedxyouthfunchal.com\/index.php?rest_route=\/wp\/v2\/pages\/806\/revisions"}],"predecessor-version":[{"id":813,"href":"https:\/\/tedxyouthfunchal.com\/index.php?rest_route=\/wp\/v2\/pages\/806\/revisions\/813"}],"wp:attachment":[{"href":"https:\/\/tedxyouthfunchal.com\/index.php?rest_route=%2Fwp%2Fv2%2Fmedia&parent=806"}],"curies":[{"name":"wp","href":"https:\/\/api.w.org\/{rel}","templated":true}]}}