{"id":836,"date":"2025-03-17T23:16:23","date_gmt":"2025-03-17T23:16:23","guid":{"rendered":"https:\/\/tedxyouthfunchal.com\/?page_id=836"},"modified":"2025-03-17T23:16:25","modified_gmt":"2025-03-17T23:16:25","slug":"sergio-jesus","status":"publish","type":"page","link":"https:\/\/tedxyouthfunchal.com\/?page_id=836","title":{"rendered":"S\u00e9rgio jesus"},"content":{"rendered":"\n<div class=\"wp-block-columns is-layout-flex wp-container-core-columns-is-layout-28f84493 wp-block-columns-is-layout-flex\">\n<div class=\"wp-block-column is-layout-flow wp-block-column-is-layout-flow\">\n<figure class=\"wp-block-image size-full\"><img fetchpriority=\"high\" decoding=\"async\" width=\"1024\" height=\"1024\" src=\"http:\/\/tedxyouthfunchal.com\/wp-content\/uploads\/2023\/11\/Imagem-Oradores-9.png\" alt=\"\" class=\"wp-image-833\" srcset=\"https:\/\/tedxyouthfunchal.com\/wp-content\/uploads\/2023\/11\/Imagem-Oradores-9.png 1024w, https:\/\/tedxyouthfunchal.com\/wp-content\/uploads\/2023\/11\/Imagem-Oradores-9-300x300.png 300w, https:\/\/tedxyouthfunchal.com\/wp-content\/uploads\/2023\/11\/Imagem-Oradores-9-150x150.png 150w, https:\/\/tedxyouthfunchal.com\/wp-content\/uploads\/2023\/11\/Imagem-Oradores-9-768x768.png 768w, https:\/\/tedxyouthfunchal.com\/wp-content\/uploads\/2023\/11\/Imagem-Oradores-9-600x600.png 600w, https:\/\/tedxyouthfunchal.com\/wp-content\/uploads\/2023\/11\/Imagem-Oradores-9-100x100.png 100w\" sizes=\"(max-width: 1024px) 100vw, 1024px\" \/><\/figure>\n<\/div>\n\n\n\n<div class=\"wp-block-column is-layout-flow wp-block-column-is-layout-flow\">\n<p>S\u00e9rgio Jesus \u00e9 um experiente consultor especializado em apoiar empresas e indiv\u00edduos, tanto residentes como n\u00e3o residentes, em diversas \u00e1reas estrat\u00e9gicas. Com uma s\u00f3lida trajet\u00f3ria na contabilidade e fiscalidade, S\u00e9rgio tem ajudado neg\u00f3cios a otimizar a sua estrutura financeira e a cumprir com rigor as exig\u00eancias legais. Al\u00e9m disso, possui vasta experi\u00eancia na elabora\u00e7\u00e3o de estudos de viabilidade e projetos de investimento, facilitando o acesso a sistemas de apoio e financiamento.<\/p>\n\n\n\n<p>Com uma abordagem hol\u00edstica \u00e0 gest\u00e3o empresarial, S\u00e9rgio Jesus dedica-se tamb\u00e9m \u00e0 avalia\u00e7\u00e3o e acompanhamento de neg\u00f3cios, reestrutura\u00e7\u00e3o de passivos financeiros e forma\u00e7\u00e3o de quadros, garantindo que empresas e profissionais se mantenham competitivos no mercado. No \u00e2mbito dos recursos humanos, lidera iniciativas como o RH360, focadas na otimiza\u00e7\u00e3o da gest\u00e3o de talentos.<\/p>\n\n\n\n<p>O seu trabalho estende-se ainda ao servi\u00e7o de Family Office, oferecendo suporte personalizado na administra\u00e7\u00e3o de patrim\u00f3nios familiares e na gest\u00e3o estrat\u00e9gica de ativos. Com um compromisso inabal\u00e1vel com a excel\u00eancia e uma vis\u00e3o estrat\u00e9gica orientada para resultados, S\u00e9rgio Jesus \u00e9 um parceiro de confian\u00e7a para quem procura crescer e consolidar o seu sucesso empresarial.<\/p>\n<\/div>\n<\/div>\n","protected":false},"excerpt":{"rendered":"<p> [&hellip;]<\/p>\n","protected":false},"author":1,"featured_media":0,"parent":0,"menu_order":0,"comment_status":"closed","ping_status":"closed","template":"","meta":{"footnotes":""},"class_list":["post-836","page","type-page","status-publish","hentry"],"jetpack_sharing_enabled":true,"_links":{"self":[{"href":"https:\/\/tedxyouthfunchal.com\/index.php?rest_route=\/wp\/v2\/pages\/836","targetHints":{"allow":["GET"]}}],"collection":[{"href":"https:\/\/tedxyouthfunchal.com\/index.php?rest_route=\/wp\/v2\/pages"}],"about":[{"href":"https:\/\/tedxyouthfunchal.com\/index.php?rest_route=\/wp\/v2\/types\/page"}],"author":[{"embeddable":true,"href":"https:\/\/tedxyouthfunchal.com\/index.php?rest_route=\/wp\/v2\/users\/1"}],"replies":[{"embeddable":true,"href":"https:\/\/tedxyouthfunchal.com\/index.php?rest_route=%2Fwp%2Fv2%2Fcomments&post=836"}],"version-history":[{"count":1,"href":"https:\/\/tedxyouthfunchal.com\/index.php?rest_route=\/wp\/v2\/pages\/836\/revisions"}],"predecessor-version":[{"id":837,"href":"https:\/\/tedxyouthfunchal.com\/index.php?rest_route=\/wp\/v2\/pages\/836\/revisions\/837"}],"wp:attachment":[{"href":"https:\/\/tedxyouthfunchal.com\/index.php?rest_route=%2Fwp%2Fv2%2Fmedia&parent=836"}],"curies":[{"name":"wp","href":"https:\/\/api.w.org\/{rel}","templated":true}]}}