{"id":839,"date":"2025-03-17T23:19:46","date_gmt":"2025-03-17T23:19:46","guid":{"rendered":"https:\/\/tedxyouthfunchal.com\/?page_id=839"},"modified":"2025-03-17T23:19:48","modified_gmt":"2025-03-17T23:19:48","slug":"vitor-goncalves","status":"publish","type":"page","link":"https:\/\/tedxyouthfunchal.com\/?page_id=839","title":{"rendered":"V\u00edtor Gon\u00e7alves"},"content":{"rendered":"\n<div class=\"wp-block-columns is-layout-flex wp-container-core-columns-is-layout-28f84493 wp-block-columns-is-layout-flex\">\n<div class=\"wp-block-column is-layout-flow wp-block-column-is-layout-flow\" style=\"flex-basis:33.33%\">\n<figure class=\"wp-block-image size-full\"><img fetchpriority=\"high\" decoding=\"async\" width=\"1024\" height=\"1024\" src=\"http:\/\/tedxyouthfunchal.com\/wp-content\/uploads\/2023\/11\/Imagem-Oradores-8.png\" alt=\"\" class=\"wp-image-834\" srcset=\"https:\/\/tedxyouthfunchal.com\/wp-content\/uploads\/2023\/11\/Imagem-Oradores-8.png 1024w, https:\/\/tedxyouthfunchal.com\/wp-content\/uploads\/2023\/11\/Imagem-Oradores-8-300x300.png 300w, https:\/\/tedxyouthfunchal.com\/wp-content\/uploads\/2023\/11\/Imagem-Oradores-8-150x150.png 150w, https:\/\/tedxyouthfunchal.com\/wp-content\/uploads\/2023\/11\/Imagem-Oradores-8-768x768.png 768w, https:\/\/tedxyouthfunchal.com\/wp-content\/uploads\/2023\/11\/Imagem-Oradores-8-600x600.png 600w, https:\/\/tedxyouthfunchal.com\/wp-content\/uploads\/2023\/11\/Imagem-Oradores-8-100x100.png 100w\" sizes=\"(max-width: 1024px) 100vw, 1024px\" \/><\/figure>\n<\/div>\n\n\n\n<div class=\"wp-block-column is-layout-flow wp-block-column-is-layout-flow\" style=\"flex-basis:66.66%\">\n<p>Vitor Gon\u00e7alo de N\u00f3brega Gon\u00e7alves \u00e9 um profissional dedicado e experiente na \u00e1rea da Educa\u00e7\u00e3o F\u00edsica, com um percurso consolidado na \u00e1rea da sa\u00fade e bem-estar e no treino desportivo. A sua paix\u00e3o pelo desporto e pela forma\u00e7\u00e3o dos jovens talentos levou-o a especializar-se no treino de futebol de forma\u00e7\u00e3o, contribuindo significativamente para o desenvolvimento da modalidade na Regi\u00e3o Aut\u00f3noma da Madeira (RAM).<\/p>\n\n\n\n<p>Forma\u00e7\u00e3o e Educa\u00e7\u00e3o<\/p>\n\n\n\n<p>\u00c9 mestre em Ensino da Educa\u00e7\u00e3o F\u00edsica nos Ensinos B\u00e1sico e Secund\u00e1rio pela Universidade da Madeira (UMA) e possui forma\u00e7\u00e3o de Treinador de Futebol \u2013 N\u00edvel II. Ao longo da sua trajet\u00f3ria acad\u00e9mica e profissional, participou em diversos eventos e forma\u00e7\u00f5es ligadas \u00e0 promo\u00e7\u00e3o da sa\u00fade, bem-estar e educa\u00e7\u00e3o f\u00edsica, consolidando o seu conhecimento e aperfei\u00e7oando a sua pr\u00e1tica pedag\u00f3gica e desportiva.<\/p>\n\n\n\n<p>Carreira e Conquistas<\/p>\n\n\n\n<p>Com uma vasta experi\u00eancia no ensino e na forma\u00e7\u00e3o desportiva, Vitor Gon\u00e7alo de N\u00f3brega Gon\u00e7alves exerce fun\u00e7\u00f5es como professor de Educa\u00e7\u00e3o F\u00edsica no Conservat\u00f3rio da Madeira. Paralelamente, dedicou-se ao treino de futebol de forma\u00e7\u00e3o, tendo trabalhado em clubes de renome como o Club Sport Mar\u00edtimo e a Dragon Force Madeira, entre outros.<\/p>\n\n\n\n<p>A sua dedica\u00e7\u00e3o e compet\u00eancia na forma\u00e7\u00e3o dos jovens atletas e na promo\u00e7\u00e3o da educa\u00e7\u00e3o para a sa\u00fade foram amplamente reconhecidas, recebendo m\u00faltiplos convites para colaborar com clubes e institui\u00e7\u00f5es desportivas da RAM. O seu contributo tem sido essencial para o desenvolvimento de programas de treino inovadores e para a valoriza\u00e7\u00e3o da pr\u00e1tica desportiva entre os jovens.<\/p>\n\n\n\n<p>Influ\u00eancia e Filosofia de Trabalho<\/p>\n\n\n\n<p>A sua abordagem pedag\u00f3gica e desportiva assenta na valoriza\u00e7\u00e3o do potencial individual de cada aluno e atleta, promovendo n\u00e3o s\u00f3 apenas o desempenho desportivo, mas tamb\u00e9m o desenvolvimento f\u00edsico e emocional. Defensor de uma metodologia centrada na disciplina, motiva\u00e7\u00e3o e esp\u00edrito de equipa, procura incentivar a ado\u00e7\u00e3o de h\u00e1bitos saud\u00e1veis e o compromisso com a excel\u00eancia.<\/p>\n\n\n\n<p>Vida Pessoal e Interesses<\/p>\n\n\n\n<p>Para al\u00e9m da sua dedica\u00e7\u00e3o ao ensino e ao desporto, Vitor Gon\u00e7alo de N\u00f3brega Gon\u00e7alves tem um grande interesse pela aprendizagem cont\u00ednua e inova\u00e7\u00e3o na \u00e1rea do treino desportivo. Acredita que o desporto \u00e9 uma ferramenta poderosa para a transforma\u00e7\u00e3o social e que a educa\u00e7\u00e3o f\u00edsica deve ser um pilar fundamental para o bem-estar da sociedade.<\/p>\n<\/div>\n<\/div>\n","protected":false},"excerpt":{"rendered":"<p> [&hellip;]<\/p>\n","protected":false},"author":1,"featured_media":0,"parent":0,"menu_order":0,"comment_status":"closed","ping_status":"closed","template":"","meta":{"footnotes":""},"class_list":["post-839","page","type-page","status-publish","hentry"],"jetpack_sharing_enabled":true,"_links":{"self":[{"href":"https:\/\/tedxyouthfunchal.com\/index.php?rest_route=\/wp\/v2\/pages\/839","targetHints":{"allow":["GET"]}}],"collection":[{"href":"https:\/\/tedxyouthfunchal.com\/index.php?rest_route=\/wp\/v2\/pages"}],"about":[{"href":"https:\/\/tedxyouthfunchal.com\/index.php?rest_route=\/wp\/v2\/types\/page"}],"author":[{"embeddable":true,"href":"https:\/\/tedxyouthfunchal.com\/index.php?rest_route=\/wp\/v2\/users\/1"}],"replies":[{"embeddable":true,"href":"https:\/\/tedxyouthfunchal.com\/index.php?rest_route=%2Fwp%2Fv2%2Fcomments&post=839"}],"version-history":[{"count":1,"href":"https:\/\/tedxyouthfunchal.com\/index.php?rest_route=\/wp\/v2\/pages\/839\/revisions"}],"predecessor-version":[{"id":840,"href":"https:\/\/tedxyouthfunchal.com\/index.php?rest_route=\/wp\/v2\/pages\/839\/revisions\/840"}],"wp:attachment":[{"href":"https:\/\/tedxyouthfunchal.com\/index.php?rest_route=%2Fwp%2Fv2%2Fmedia&parent=839"}],"curies":[{"name":"wp","href":"https:\/\/api.w.org\/{rel}","templated":true}]}}